{"id":48,"date":"2020-02-01T19:29:42","date_gmt":"2020-02-01T18:29:42","guid":{"rendered":"https:\/\/new.ozvucovanie.eu\/?page_id=48"},"modified":"2020-02-04T18:30:30","modified_gmt":"2020-02-04T17:30:30","slug":"uvod","status":"publish","type":"page","link":"https:\/\/new.ozvucovanie.eu\/?page_id=48","title":{"rendered":"\u00davod"},"content":{"rendered":"\n<p>Sme partia \u013eud\u00ed pre ktor\u00fdch ozvu\u010dovanie nie je len pr\u00e1ca ale hlavne kon\u00ed\u010dek ktor\u00fd n\u00e1s bav\u00fd.<\/p>\n\n\n\n<p><\/p>\n\n\n\n<p>Sk\u00fasenosti v oblasti ozvu\u010dovania a osvet\u013eovania m\u00e1me mnoho rokov. Ozvu\u010dujeme a osvet\u013eujeme interi\u00e9rov\u00e9 priestory ako napr\u00edklad divadla, \u0161portove haly a in\u00e9. Ale tak isto m\u00e1me techniku na ozvu\u010denie aj verejn\u00e9ho priestranstva. Apar\u00e1t je mo\u017en\u00e9 sklada\u0165 a prisp\u00f4sobova\u0165 pod\u013ea potreby a priania z\u00e1kazn\u00edkov.<\/p>\n\n\n\n<p>V roku 2016 sme do na\u0161ej ponuky pridali LASER. Ktor\u00fd sa te\u0161\u00ed ve\u013ekej priazni a zaujmu zo strany z\u00e1kazn\u00edkov.<\/p>\n\n\n\n<p>Uk\u00e1\u017eky na\u0161ej techniky n\u00e1jdete v jednotliv\u00fdch sekciach.<\/p>\n\n\n\n<p>T\u00edm ozvucovanie.sk<\/p>\n","protected":false},"excerpt":{"rendered":"<p>Sme partia \u013eud\u00ed pre ktor\u00fdch ozvu\u010dovanie nie je len pr\u00e1ca ale hlavne kon\u00ed\u010dek ktor\u00fd n\u00e1s bav\u00fd. Sk\u00fasenosti v oblasti ozvu\u010dovania a osvet\u013eovania m\u00e1me mnoho rokov. [&hellip;]<\/p>\n","protected":false},"author":1,"featured_media":0,"parent":0,"menu_order":0,"comment_status":"closed","ping_status":"closed","template":"","meta":{"_mi_skip_tracking":false,"ngg_post_thumbnail":0},"yoast_head":"<!-- This site is optimized with the Yoast SEO plugin v19.14 - https:\/\/yoast.com\/wordpress\/plugins\/seo\/ -->\n<title>\u00davod - Ozvu\u010dovanie.eu<\/title>\n<meta name=\"robots\" content=\"index, follow, max-snippet:-1, max-image-preview:large, max-video-preview:-1\" \/>\n<link rel=\"canonical\" href=\"https:\/\/new.ozvucovanie.eu\/?page_id=48\" \/>\n<meta property=\"og:locale\" content=\"sk_SK\" \/>\n<meta property=\"og:type\" content=\"article\" \/>\n<meta property=\"og:title\" content=\"\u00davod - Ozvu\u010dovanie.eu\" \/>\n<meta property=\"og:description\" content=\"Sme partia \u013eud\u00ed pre ktor\u00fdch ozvu\u010dovanie nie je len pr\u00e1ca ale hlavne kon\u00ed\u010dek ktor\u00fd n\u00e1s bav\u00fd. Sk\u00fasenosti v oblasti ozvu\u010dovania a osvet\u013eovania m\u00e1me mnoho rokov. [&hellip;]\" \/>\n<meta property=\"og:url\" content=\"https:\/\/new.ozvucovanie.eu\/?page_id=48\" \/>\n<meta property=\"og:site_name\" content=\"Ozvu\u010dovanie.eu\" \/>\n<meta property=\"article:modified_time\" content=\"2020-02-04T17:30:30+00:00\" \/>\n<meta name=\"twitter:card\" content=\"summary_large_image\" \/>\n<meta name=\"twitter:label1\" content=\"Predpokladan\u00fd \u010das \u010d\u00edtania\" \/>\n\t<meta name=\"twitter:data1\" content=\"1 min\u00fata\" \/>\n<script type=\"application\/ld+json\" class=\"yoast-schema-graph\">{\"@context\":\"https:\/\/schema.org\",\"@graph\":[{\"@type\":\"WebPage\",\"@id\":\"https:\/\/new.ozvucovanie.eu\/?page_id=48\",\"url\":\"https:\/\/new.ozvucovanie.eu\/?page_id=48\",\"name\":\"\u00davod - Ozvu\u010dovanie.eu\",\"isPartOf\":{\"@id\":\"https:\/\/new.ozvucovanie.eu\/#website\"},\"datePublished\":\"2020-02-01T18:29:42+00:00\",\"dateModified\":\"2020-02-04T17:30:30+00:00\",\"breadcrumb\":{\"@id\":\"https:\/\/new.ozvucovanie.eu\/?page_id=48#breadcrumb\"},\"inLanguage\":\"sk-SK\",\"potentialAction\":[{\"@type\":\"ReadAction\",\"target\":[\"https:\/\/new.ozvucovanie.eu\/?page_id=48\"]}]},{\"@type\":\"BreadcrumbList\",\"@id\":\"https:\/\/new.ozvucovanie.eu\/?page_id=48#breadcrumb\",\"itemListElement\":[{\"@type\":\"ListItem\",\"position\":1,\"name\":\"Home\",\"item\":\"https:\/\/new.ozvucovanie.eu\/\"},{\"@type\":\"ListItem\",\"position\":2,\"name\":\"\u00davod\"}]},{\"@type\":\"WebSite\",\"@id\":\"https:\/\/new.ozvucovanie.eu\/#website\",\"url\":\"https:\/\/new.ozvucovanie.eu\/\",\"name\":\"Ozvu\u010dovanie.eu\",\"description\":\"Zvuk a svetl\u00e1 od profesion\u00e1lov\",\"publisher\":{\"@id\":\"https:\/\/new.ozvucovanie.eu\/#organization\"},\"potentialAction\":[{\"@type\":\"SearchAction\",\"target\":{\"@type\":\"EntryPoint\",\"urlTemplate\":\"https:\/\/new.ozvucovanie.eu\/?s={search_term_string}\"},\"query-input\":\"required name=search_term_string\"}],\"inLanguage\":\"sk-SK\"},{\"@type\":\"Organization\",\"@id\":\"https:\/\/new.ozvucovanie.eu\/#organization\",\"name\":\"Ozvu\u010dovanie.eu\",\"url\":\"https:\/\/new.ozvucovanie.eu\/\",\"logo\":{\"@type\":\"ImageObject\",\"inLanguage\":\"sk-SK\",\"@id\":\"https:\/\/new.ozvucovanie.eu\/#\/schema\/logo\/image\/\",\"url\":\"https:\/\/new.ozvucovanie.eu\/wp-content\/uploads\/2020\/01\/cropped-martin-audio.png\",\"contentUrl\":\"https:\/\/new.ozvucovanie.eu\/wp-content\/uploads\/2020\/01\/cropped-martin-audio.png\",\"width\":296,\"height\":296,\"caption\":\"Ozvu\u010dovanie.eu\"},\"image\":{\"@id\":\"https:\/\/new.ozvucovanie.eu\/#\/schema\/logo\/image\/\"}}]}<\/script>\n<!-- \/ Yoast SEO plugin. -->","yoast_head_json":{"title":"\u00davod - Ozvu\u010dovanie.eu","robots":{"index":"index","follow":"follow","max-snippet":"max-snippet:-1","max-image-preview":"max-image-preview:large","max-video-preview":"max-video-preview:-1"},"canonical":"https:\/\/new.ozvucovanie.eu\/?page_id=48","og_locale":"sk_SK","og_type":"article","og_title":"\u00davod - Ozvu\u010dovanie.eu","og_description":"Sme partia \u013eud\u00ed pre ktor\u00fdch ozvu\u010dovanie nie je len pr\u00e1ca ale hlavne kon\u00ed\u010dek ktor\u00fd n\u00e1s bav\u00fd. Sk\u00fasenosti v oblasti ozvu\u010dovania a osvet\u013eovania m\u00e1me mnoho rokov. [&hellip;]","og_url":"https:\/\/new.ozvucovanie.eu\/?page_id=48","og_site_name":"Ozvu\u010dovanie.eu","article_modified_time":"2020-02-04T17:30:30+00:00","twitter_card":"summary_large_image","twitter_misc":{"Predpokladan\u00fd \u010das \u010d\u00edtania":"1 min\u00fata"},"schema":{"@context":"https:\/\/schema.org","@graph":[{"@type":"WebPage","@id":"https:\/\/new.ozvucovanie.eu\/?page_id=48","url":"https:\/\/new.ozvucovanie.eu\/?page_id=48","name":"\u00davod - Ozvu\u010dovanie.eu","isPartOf":{"@id":"https:\/\/new.ozvucovanie.eu\/#website"},"datePublished":"2020-02-01T18:29:42+00:00","dateModified":"2020-02-04T17:30:30+00:00","breadcrumb":{"@id":"https:\/\/new.ozvucovanie.eu\/?page_id=48#breadcrumb"},"inLanguage":"sk-SK","potentialAction":[{"@type":"ReadAction","target":["https:\/\/new.ozvucovanie.eu\/?page_id=48"]}]},{"@type":"BreadcrumbList","@id":"https:\/\/new.ozvucovanie.eu\/?page_id=48#breadcrumb","itemListElement":[{"@type":"ListItem","position":1,"name":"Home","item":"https:\/\/new.ozvucovanie.eu\/"},{"@type":"ListItem","position":2,"name":"\u00davod"}]},{"@type":"WebSite","@id":"https:\/\/new.ozvucovanie.eu\/#website","url":"https:\/\/new.ozvucovanie.eu\/","name":"Ozvu\u010dovanie.eu","description":"Zvuk a svetl\u00e1 od profesion\u00e1lov","publisher":{"@id":"https:\/\/new.ozvucovanie.eu\/#organization"},"potentialAction":[{"@type":"SearchAction","target":{"@type":"EntryPoint","urlTemplate":"https:\/\/new.ozvucovanie.eu\/?s={search_term_string}"},"query-input":"required name=search_term_string"}],"inLanguage":"sk-SK"},{"@type":"Organization","@id":"https:\/\/new.ozvucovanie.eu\/#organization","name":"Ozvu\u010dovanie.eu","url":"https:\/\/new.ozvucovanie.eu\/","logo":{"@type":"ImageObject","inLanguage":"sk-SK","@id":"https:\/\/new.ozvucovanie.eu\/#\/schema\/logo\/image\/","url":"https:\/\/new.ozvucovanie.eu\/wp-content\/uploads\/2020\/01\/cropped-martin-audio.png","contentUrl":"https:\/\/new.ozvucovanie.eu\/wp-content\/uploads\/2020\/01\/cropped-martin-audio.png","width":296,"height":296,"caption":"Ozvu\u010dovanie.eu"},"image":{"@id":"https:\/\/new.ozvucovanie.eu\/#\/schema\/logo\/image\/"}}]}},"_links":{"self":[{"href":"https:\/\/new.ozvucovanie.eu\/index.php?rest_route=\/wp\/v2\/pages\/48"}],"collection":[{"href":"https:\/\/new.ozvucovanie.eu\/index.php?rest_route=\/wp\/v2\/pages"}],"about":[{"href":"https:\/\/new.ozvucovanie.eu\/index.php?rest_route=\/wp\/v2\/types\/page"}],"author":[{"embeddable":true,"href":"https:\/\/new.ozvucovanie.eu\/index.php?rest_route=\/wp\/v2\/users\/1"}],"replies":[{"embeddable":true,"href":"https:\/\/new.ozvucovanie.eu\/index.php?rest_route=%2Fwp%2Fv2%2Fcomments&post=48"}],"version-history":[{"count":6,"href":"https:\/\/new.ozvucovanie.eu\/index.php?rest_route=\/wp\/v2\/pages\/48\/revisions"}],"predecessor-version":[{"id":62,"href":"https:\/\/new.ozvucovanie.eu\/index.php?rest_route=\/wp\/v2\/pages\/48\/revisions\/62"}],"wp:attachment":[{"href":"https:\/\/new.ozvucovanie.eu\/index.php?rest_route=%2Fwp%2Fv2%2Fmedia&parent=48"}],"curies":[{"name":"wp","href":"https:\/\/api.w.org\/{rel}","templated":true}]}}